{"id":186,"date":"2024-03-26T22:20:20","date_gmt":"2024-03-26T22:20:20","guid":{"rendered":"https:\/\/tdlainstruments.com\/?page_id=186"},"modified":"2024-05-03T18:41:19","modified_gmt":"2024-05-03T18:41:19","slug":"historia","status":"publish","type":"page","link":"https:\/\/tdlainstruments.com\/es\/historia\/","title":{"rendered":"Historia &#8211; El Tubero de los Artistas"},"content":{"rendered":"\t\t<div data-elementor-type=\"wp-page\" data-elementor-id=\"186\" class=\"elementor elementor-186\" data-elementor-post-type=\"page\">\n\t\t\t\t<div data-particle_enable=\"false\" data-particle-mobile-disabled=\"false\" class=\"elementor-element elementor-element-d316c42 e-flex e-con-boxed e-con e-parent\" data-id=\"d316c42\" data-element_type=\"container\" data-e-type=\"container\" data-settings=\"{&quot;background_background&quot;:&quot;classic&quot;,&quot;shape_divider_bottom&quot;:&quot;wave-brush&quot;}\">\n\t\t\t\t\t<div class=\"e-con-inner\">\n\t\t\t\t<div class=\"elementor-shape elementor-shape-bottom\" aria-hidden=\"true\" data-negative=\"false\">\n\t\t\t<svg xmlns=\"http:\/\/www.w3.org\/2000\/svg\" viewBox=\"0 0 283.5 27.8\" preserveAspectRatio=\"none\">\n\t<path class=\"elementor-shape-fill\" d=\"M283.5,9.7c0,0-7.3,4.3-14,4.6c-6.8,0.3-12.6,0-20.9-1.5c-11.3-2-33.1-10.1-44.7-5.7\ts-12.1,4.6-18,7.4c-6.6,3.2-20,9.6-36.6,9.3C131.6,23.5,99.5,7.2,86.3,8c-1.4,0.1-6.6,0.8-10.5,2c-3.8,1.2-9.4,3.8-17,4.7\tc-3.2,0.4-8.3,1.1-14.2,0.9c-1.5-0.1-6.3-0.4-12-1.6c-5.7-1.2-11-3.1-15.8-3.7C6.5,9.2,0,10.8,0,10.8V0h283.5V9.7z M260.8,11.3\tc-0.7-1-2-0.4-4.3-0.4c-2.3,0-6.1-1.2-5.8-1.1c0.3,0.1,3.1,1.5,6,1.9C259.7,12.2,261.4,12.3,260.8,11.3z M242.4,8.6\tc0,0-2.4-0.2-5.6-0.9c-3.2-0.8-10.3-2.8-15.1-3.5c-8.2-1.1-15.8,0-15.1,0.1c0.8,0.1,9.6-0.6,17.6,1.1c3.3,0.7,9.3,2.2,12.4,2.7\tC239.9,8.7,242.4,8.6,242.4,8.6z M185.2,8.5c1.7-0.7-13.3,4.7-18.5,6.1c-2.1,0.6-6.2,1.6-10,2c-3.9,0.4-8.9,0.4-8.8,0.5\tc0,0.2,5.8,0.8,11.2,0c5.4-0.8,5.2-1.1,7.6-1.6C170.5,14.7,183.5,9.2,185.2,8.5z M199.1,6.9c0.2,0-0.8-0.4-4.8,1.1\tc-4,1.5-6.7,3.5-6.9,3.7c-0.2,0.1,3.5-1.8,6.6-3C197,7.5,199,6.9,199.1,6.9z M283,6c-0.1,0.1-1.9,1.1-4.8,2.5s-6.9,2.8-6.7,2.7\tc0.2,0,3.5-0.6,7.4-2.5C282.8,6.8,283.1,5.9,283,6z M31.3,11.6c0.1-0.2-1.9-0.2-4.5-1.2s-5.4-1.6-7.8-2C15,7.6,7.3,8.5,7.7,8.6\tC8,8.7,15.9,8.3,20.2,9.3c2.2,0.5,2.4,0.5,5.7,1.6S31.2,11.9,31.3,11.6z M73,9.2c0.4-0.1,3.5-1.6,8.4-2.6c4.9-1.1,8.9-0.5,8.9-0.8\tc0-0.3-1-0.9-6.2-0.3S72.6,9.3,73,9.2z M71.6,6.7C71.8,6.8,75,5.4,77.3,5c2.3-0.3,1.9-0.5,1.9-0.6c0-0.1-1.1-0.2-2.7,0.2\tC74.8,5.1,71.4,6.6,71.6,6.7z M93.6,4.4c0.1,0.2,3.5,0.8,5.6,1.8c2.1,1,1.8,0.6,1.9,0.5c0.1-0.1-0.8-0.8-2.4-1.3\tC97.1,4.8,93.5,4.2,93.6,4.4z M65.4,11.1c-0.1,0.3,0.3,0.5,1.9-0.2s2.6-1.3,2.2-1.2s-0.9,0.4-2.5,0.8C65.3,10.9,65.5,10.8,65.4,11.1\tz M34.5,12.4c-0.2,0,2.1,0.8,3.3,0.9c1.2,0.1,2,0.1,2-0.2c0-0.3-0.1-0.5-1.6-0.4C36.6,12.8,34.7,12.4,34.5,12.4z M152.2,21.1\tc-0.1,0.1-2.4-0.3-7.5-0.3c-5,0-13.6-2.4-17.2-3.5c-3.6-1.1,10,3.9,16.5,4.1C150.5,21.6,152.3,21,152.2,21.1z\"\/>\n\t<path class=\"elementor-shape-fill\" d=\"M269.6,18c-0.1-0.1-4.6,0.3-7.2,0c-7.3-0.7-17-3.2-16.6-2.9c0.4,0.3,13.7,3.1,17,3.3\tC267.7,18.8,269.7,18,269.6,18z\"\/>\n\t<path class=\"elementor-shape-fill\" d=\"M227.4,9.8c-0.2-0.1-4.5-1-9.5-1.2c-5-0.2-12.7,0.6-12.3,0.5c0.3-0.1,5.9-1.8,13.3-1.2\tS227.6,9.9,227.4,9.8z\"\/>\n\t<path class=\"elementor-shape-fill\" d=\"M204.5,13.4c-0.1-0.1,2-1,3.2-1.1c1.2-0.1,2,0,2,0.3c0,0.3-0.1,0.5-1.6,0.4\tC206.4,12.9,204.6,13.5,204.5,13.4z\"\/>\n\t<path class=\"elementor-shape-fill\" d=\"M201,10.6c0-0.1-4.4,1.2-6.3,2.2c-1.9,0.9-6.2,3.1-6.1,3.1c0.1,0.1,4.2-1.6,6.3-2.6\tS201,10.7,201,10.6z\"\/>\n\t<path class=\"elementor-shape-fill\" d=\"M154.5,26.7c-0.1-0.1-4.6,0.3-7.2,0c-7.3-0.7-17-3.2-16.6-2.9c0.4,0.3,13.7,3.1,17,3.3\tC152.6,27.5,154.6,26.8,154.5,26.7z\"\/>\n\t<path class=\"elementor-shape-fill\" d=\"M41.9,19.3c0,0,1.2-0.3,2.9-0.1c1.7,0.2,5.8,0.9,8.2,0.7c4.2-0.4,7.4-2.7,7-2.6\tc-0.4,0-4.3,2.2-8.6,1.9c-1.8-0.1-5.1-0.5-6.7-0.4S41.9,19.3,41.9,19.3z\"\/>\n\t<path class=\"elementor-shape-fill\" d=\"M75.5,12.6c0.2,0.1,2-0.8,4.3-1.1c2.3-0.2,2.1-0.3,2.1-0.5c0-0.1-1.8-0.4-3.4,0\tC76.9,11.5,75.3,12.5,75.5,12.6z\"\/>\n\t<path class=\"elementor-shape-fill\" d=\"M15.6,13.2c0-0.1,4.3,0,6.7,0.5c2.4,0.5,5,1.9,5,2c0,0.1-2.7-0.8-5.1-1.4\tC19.9,13.7,15.7,13.3,15.6,13.2z\"\/>\n<\/svg>\t\t<\/div>\n\t\t\t\t<div class=\"elementor-element elementor-element-b600626 elementor-widget elementor-widget-image\" data-id=\"b600626\" data-element_type=\"widget\" data-e-type=\"widget\" data-settings=\"{&quot;_animation_mobile&quot;:&quot;fadeInUp&quot;}\" data-widget_type=\"image.default\">\n\t\t\t\t<div class=\"elementor-widget-container\">\n\t\t\t\t\t\t\t\t\t\t\t\t\t\t\t<img fetchpriority=\"high\" decoding=\"async\" width=\"650\" height=\"533\" src=\"https:\/\/tdlainstruments.com\/wp-content\/uploads\/2024\/03\/Eric-Salgado.png\" class=\"attachment-large size-large wp-image-189\" alt=\"Eric Salgado - El Tubero de los Artistas\" srcset=\"https:\/\/tdlainstruments.com\/wp-content\/uploads\/2024\/03\/Eric-Salgado.png 650w, https:\/\/tdlainstruments.com\/wp-content\/uploads\/2024\/03\/Eric-Salgado-300x246.png 300w, https:\/\/tdlainstruments.com\/wp-content\/uploads\/2024\/03\/Eric-Salgado-600x492.png 600w\" sizes=\"(max-width: 650px) 100vw, 650px\" \/>\t\t\t\t\t\t\t\t\t\t\t\t\t\t\t<\/div>\n\t\t\t\t<\/div>\n\t\t\t\t\t<\/div>\n\t\t\t\t<\/div>\n\t\t<div data-particle_enable=\"false\" data-particle-mobile-disabled=\"false\" class=\"elementor-element elementor-element-456afad e-flex e-con-boxed e-con e-parent\" data-id=\"456afad\" data-element_type=\"container\" data-e-type=\"container\">\n\t\t\t\t\t<div class=\"e-con-inner\">\n\t\t\t\t<div class=\"elementor-element elementor-element-5d32716 elementor-widget elementor-widget-heading\" data-id=\"5d32716\" data-element_type=\"widget\" data-e-type=\"widget\" data-widget_type=\"heading.default\">\n\t\t\t\t<div class=\"elementor-widget-container\">\n\t\t\t\t\t<h2 class=\"elementor-heading-title elementor-size-default\">ERIC SALGADO<\/h2>\t\t\t\t<\/div>\n\t\t\t\t<\/div>\n\t\t\t\t<div class=\"elementor-element elementor-element-3864f22 elementor-widget elementor-widget-heading\" data-id=\"3864f22\" data-element_type=\"widget\" data-e-type=\"widget\" data-widget_type=\"heading.default\">\n\t\t\t\t<div class=\"elementor-widget-container\">\n\t\t\t\t\t<h2 class=\"elementor-heading-title elementor-size-default\">[ HISTORIA ]<\/h2>\t\t\t\t<\/div>\n\t\t\t\t<\/div>\n\t\t\t\t<div class=\"elementor-element elementor-element-cef1724 elementor-widget elementor-widget-text-editor\" data-id=\"cef1724\" data-element_type=\"widget\" data-e-type=\"widget\" data-widget_type=\"text-editor.default\">\n\t\t\t\t<div class=\"elementor-widget-container\">\n\t\t\t\t\t\t\t\t\t<p>Conocido como\u00a0<strong>&#8220;El Tubero de los Artistas&#8221;,\u00a0<\/strong> inicia su trayectoria de m\u00fasico a los 10 a\u00f1os de edad despu\u00e9s de encontrarse un tromb\u00f3n viejo en la cochera de sus pap\u00e1s. Eso planta la semilla para que en el a\u00f1o\u00a0<strong>2007<\/strong>, con tan solo 16 a\u00f1os de edad, armara su propia banda de 15 elementos en la ciudad de <strong>San Diego, California.<\/strong><\/p><p>En el a\u00f1o <strong>2009<\/strong>, le sale la oportunidad de acompa\u00f1ar a Fidel Rueda, y es ah\u00ed donde despunta su trayectoria. A trav\u00e9s de los a\u00f1os logra acompa\u00f1ar a <em>El Komander, Jenny Rivera, Graciela Beltr\u00e1n, El Potro de Sinaloa, Adriel Favela, Ulises Quintero, <\/em>entre muchos otros solistas y bandas.<\/p><p>En el a\u00f1o\u00a0<strong>2011,<\/strong> YouTube ve nacer el personaje <em><strong>&#8220;El Tubero de los Artistas&#8221;<\/strong>,<\/em> donde Eric empieza a subir videos de c\u00f3mo tocar la tuba, y <strong>en menos de un a\u00f1o llega a su primer mill\u00f3n de seguidores en Facebook.<\/strong> Eric ama tanto la m\u00fasica, tal cual tambi\u00e9n le gusta componer; una de ellas &#8220;<em>El Doble del Diablo&#8221;,<\/em> que en el a\u00f1o\u00a0<strong>2011<\/strong> lleg\u00f3 a\u00a0<strong>5 millones de reproducciones en YouTube<\/strong>, e interpretada por varios colegas. &#8220;<em>El Gall\u00f3n&#8221;, &#8220;La Leyenda&#8221;, &#8220;No Soy Mujeriego&#8221;, <\/em>y sus m\u00e1s recientes temas le han abierto importantes puertas a Eric.<\/p><p>Este <strong>2024<\/strong>, Eric se ha dedicado a varios proyectos como entrevistas, video-cr\u00edticas, TubaTelas y asesor\u00eda a colegas m\u00fasicos; y ahora con su emprendimiento <strong>TDLA Instruments<\/strong>, su nueva l\u00ednea de instrumentos y accesorios musicales.<\/p><p>Cuatro millones de seguidores despu\u00e9s, Eric sigue activo y con m\u00e1s fortaleza que nunca. <em><strong>El Tubero de los Artistas<\/strong><\/em> no es solamente una persona,<strong> TDLA<\/strong> se ha convertido en una marca fundamental del regional mexicano.<\/p>\t\t\t\t\t\t\t\t<\/div>\n\t\t\t\t<\/div>\n\t\t\t\t\t<\/div>\n\t\t\t\t<\/div>\n\t\t<div data-particle_enable=\"false\" data-particle-mobile-disabled=\"false\" class=\"elementor-element elementor-element-b9b4cee e-con-full e-flex e-con e-parent\" data-id=\"b9b4cee\" data-element_type=\"container\" data-e-type=\"container\">\n\t\t<div data-particle_enable=\"false\" data-particle-mobile-disabled=\"false\" class=\"elementor-element elementor-element-d1e1dbb e-grid e-con-full e-con e-child\" data-id=\"d1e1dbb\" data-element_type=\"container\" data-e-type=\"container\">\n\t\t\t\t<div class=\"elementor-element elementor-element-13b303a elementor-widget elementor-widget-image\" data-id=\"13b303a\" data-element_type=\"widget\" data-e-type=\"widget\" data-widget_type=\"image.default\">\n\t\t\t\t<div class=\"elementor-widget-container\">\n\t\t\t\t\t\t\t\t\t\t\t\t\t\t\t<img decoding=\"async\" width=\"933\" height=\"933\" src=\"https:\/\/tdlainstruments.com\/wp-content\/uploads\/2024\/05\/Eric-Salgado-1.jpg\" class=\"attachment-large size-large wp-image-641\" alt=\"\" srcset=\"https:\/\/tdlainstruments.com\/wp-content\/uploads\/2024\/05\/Eric-Salgado-1.jpg 933w, https:\/\/tdlainstruments.com\/wp-content\/uploads\/2024\/05\/Eric-Salgado-1-300x300.jpg 300w, https:\/\/tdlainstruments.com\/wp-content\/uploads\/2024\/05\/Eric-Salgado-1-150x150.jpg 150w, https:\/\/tdlainstruments.com\/wp-content\/uploads\/2024\/05\/Eric-Salgado-1-768x768.jpg 768w, https:\/\/tdlainstruments.com\/wp-content\/uploads\/2024\/05\/Eric-Salgado-1-600x600.jpg 600w, https:\/\/tdlainstruments.com\/wp-content\/uploads\/2024\/05\/Eric-Salgado-1-100x100.jpg 100w\" sizes=\"(max-width: 933px) 100vw, 933px\" \/>\t\t\t\t\t\t\t\t\t\t\t\t\t\t\t<\/div>\n\t\t\t\t<\/div>\n\t\t\t\t<div class=\"elementor-element elementor-element-524ef3a elementor-widget elementor-widget-image\" data-id=\"524ef3a\" data-element_type=\"widget\" data-e-type=\"widget\" data-widget_type=\"image.default\">\n\t\t\t\t<div class=\"elementor-widget-container\">\n\t\t\t\t\t\t\t\t\t\t\t\t\t\t\t<img decoding=\"async\" width=\"955\" height=\"955\" src=\"https:\/\/tdlainstruments.com\/wp-content\/uploads\/2024\/05\/Eric-Salgado-4.jpg\" class=\"attachment-large size-large wp-image-643\" alt=\"\" srcset=\"https:\/\/tdlainstruments.com\/wp-content\/uploads\/2024\/05\/Eric-Salgado-4.jpg 955w, https:\/\/tdlainstruments.com\/wp-content\/uploads\/2024\/05\/Eric-Salgado-4-300x300.jpg 300w, https:\/\/tdlainstruments.com\/wp-content\/uploads\/2024\/05\/Eric-Salgado-4-150x150.jpg 150w, https:\/\/tdlainstruments.com\/wp-content\/uploads\/2024\/05\/Eric-Salgado-4-768x768.jpg 768w, https:\/\/tdlainstruments.com\/wp-content\/uploads\/2024\/05\/Eric-Salgado-4-600x600.jpg 600w, https:\/\/tdlainstruments.com\/wp-content\/uploads\/2024\/05\/Eric-Salgado-4-100x100.jpg 100w\" sizes=\"(max-width: 955px) 100vw, 955px\" \/>\t\t\t\t\t\t\t\t\t\t\t\t\t\t\t<\/div>\n\t\t\t\t<\/div>\n\t\t\t\t<div class=\"elementor-element elementor-element-eb5ced8 elementor-widget elementor-widget-image\" data-id=\"eb5ced8\" data-element_type=\"widget\" data-e-type=\"widget\" data-widget_type=\"image.default\">\n\t\t\t\t<div class=\"elementor-widget-container\">\n\t\t\t\t\t\t\t\t\t\t\t\t\t\t\t<img loading=\"lazy\" decoding=\"async\" width=\"858\" height=\"858\" src=\"https:\/\/tdlainstruments.com\/wp-content\/uploads\/2024\/05\/Eric-Salgado-3.jpg\" class=\"attachment-large size-large wp-image-642\" alt=\"\" srcset=\"https:\/\/tdlainstruments.com\/wp-content\/uploads\/2024\/05\/Eric-Salgado-3.jpg 858w, https:\/\/tdlainstruments.com\/wp-content\/uploads\/2024\/05\/Eric-Salgado-3-300x300.jpg 300w, https:\/\/tdlainstruments.com\/wp-content\/uploads\/2024\/05\/Eric-Salgado-3-150x150.jpg 150w, https:\/\/tdlainstruments.com\/wp-content\/uploads\/2024\/05\/Eric-Salgado-3-768x768.jpg 768w, https:\/\/tdlainstruments.com\/wp-content\/uploads\/2024\/05\/Eric-Salgado-3-600x600.jpg 600w, https:\/\/tdlainstruments.com\/wp-content\/uploads\/2024\/05\/Eric-Salgado-3-100x100.jpg 100w\" sizes=\"(max-width: 858px) 100vw, 858px\" \/>\t\t\t\t\t\t\t\t\t\t\t\t\t\t\t<\/div>\n\t\t\t\t<\/div>\n\t\t\t\t<\/div>\n\t\t\t\t<\/div>\n\t\t\t\t<\/div>\n\t\t","protected":false},"excerpt":{"rendered":"<p>ERIC SALGADO [ HISTORIA ] Conocido como\u00a0&#8220;El Tubero de los Artistas&#8221;,\u00a0 inicia su trayectoria de m\u00fasico a los 10 a\u00f1os [&hellip;]<\/p>\n","protected":false},"author":1,"featured_media":0,"parent":0,"menu_order":0,"comment_status":"closed","ping_status":"closed","template":"elementor_header_footer","meta":{"site-sidebar-layout":"no-sidebar","site-content-layout":"","ast-site-content-layout":"full-width-container","site-content-style":"default","site-sidebar-style":"default","ast-global-header-display":"","ast-banner-title-visibility":"","ast-main-header-display":"","ast-hfb-above-header-display":"","ast-hfb-below-header-display":"","ast-hfb-mobile-header-display":"","site-post-title":"disabled","ast-breadcrumbs-content":"","ast-featured-img":"disabled","footer-sml-layout":"","ast-disable-related-posts":"","theme-transparent-header-meta":"enabled","adv-header-id-meta":"","stick-header-meta":"","header-above-stick-meta":"","header-main-stick-meta":"","header-below-stick-meta":"","astra-migrate-meta-layouts":"default","ast-page-background-enabled":"default","ast-page-background-meta":{"desktop":{"background-color":"var(--ast-global-color-4)","background-image":"","background-repeat":"repeat","background-position":"center center","background-size":"auto","background-attachment":"scroll","background-type":"","background-media":"","overlay-type":"","overlay-color":"","overlay-opacity":"","overlay-gradient":""},"tablet":{"background-color":"","background-image":"","background-repeat":"repeat","background-position":"center center","background-size":"auto","background-attachment":"scroll","background-type":"","background-media":"","overlay-type":"","overlay-color":"","overlay-opacity":"","overlay-gradient":""},"mobile":{"background-color":"","background-image":"","background-repeat":"repeat","background-position":"center center","background-size":"auto","background-attachment":"scroll","background-type":"","background-media":"","overlay-type":"","overlay-color":"","overlay-opacity":"","overlay-gradient":""}},"ast-content-background-meta":{"desktop":{"background-color":"var(--ast-global-color-5)","background-image":"","background-repeat":"repeat","background-position":"center center","background-size":"auto","background-attachment":"scroll","background-type":"","background-media":"","overlay-type":"","overlay-color":"","overlay-opacity":"","overlay-gradient":""},"tablet":{"background-color":"var(--ast-global-color-5)","background-image":"","background-repeat":"repeat","background-position":"center center","background-size":"auto","background-attachment":"scroll","background-type":"","background-media":"","overlay-type":"","overlay-color":"","overlay-opacity":"","overlay-gradient":""},"mobile":{"background-color":"var(--ast-global-color-5)","background-image":"","background-repeat":"repeat","background-position":"center center","background-size":"auto","background-attachment":"scroll","background-type":"","background-media":"","overlay-type":"","overlay-color":"","overlay-opacity":"","overlay-gradient":""}},"footnotes":""},"class_list":["post-186","page","type-page","status-publish","hentry"],"yoast_head":"<!-- This site is optimized with the Yoast SEO plugin v27.3 - https:\/\/yoast.com\/product\/yoast-seo-wordpress\/ -->\n<title>El Tubero de los Artistas - Eric Salgado<\/title>\n<meta name=\"description\" content=\"M\u00fasico y Empresario. TubaTelas. Musicara Productora y Marketing. Venta de instrumentos musicales y accesorios. Asesor\u00eda.\" \/>\n<meta name=\"robots\" content=\"index, follow, max-snippet:-1, max-image-preview:large, max-video-preview:-1\" \/>\n<link rel=\"canonical\" href=\"https:\/\/tdlainstruments.com\/es\/historia\/\" \/>\n<meta property=\"og:locale\" content=\"es_MX\" \/>\n<meta property=\"og:type\" content=\"article\" \/>\n<meta property=\"og:title\" content=\"El Tubero de los Artistas - Eric Salgado\" \/>\n<meta property=\"og:description\" content=\"M\u00fasico y Empresario. TubaTelas. Musicara Productora y Marketing. Venta de instrumentos musicales y accesorios. Asesor\u00eda.\" \/>\n<meta property=\"og:url\" content=\"https:\/\/tdlainstruments.com\/es\/historia\/\" \/>\n<meta property=\"article:publisher\" content=\"https:\/\/www.facebook.com\/TuberoDeLosArtistas\" \/>\n<meta property=\"article:modified_time\" content=\"2024-05-03T18:41:19+00:00\" \/>\n<meta property=\"og:image\" content=\"https:\/\/tdlainstruments.com\/wp-content\/uploads\/2024\/03\/Eric-Salgado.png\" \/>\n<meta name=\"twitter:card\" content=\"summary_large_image\" \/>\n<meta name=\"twitter:label1\" content=\"Tiempo de lectura\" \/>\n\t<meta name=\"twitter:data1\" content=\"3 minutos\" \/>\n<script type=\"application\/ld+json\" class=\"yoast-schema-graph\">{\"@context\":\"https:\\\/\\\/schema.org\",\"@graph\":[{\"@type\":\"WebPage\",\"@id\":\"https:\\\/\\\/tdlainstruments.com\\\/historia\\\/\",\"url\":\"https:\\\/\\\/tdlainstruments.com\\\/historia\\\/\",\"name\":\"El Tubero de los Artistas - Eric Salgado\",\"isPartOf\":{\"@id\":\"https:\\\/\\\/tdlainstruments.com\\\/#website\"},\"primaryImageOfPage\":{\"@id\":\"https:\\\/\\\/tdlainstruments.com\\\/historia\\\/#primaryimage\"},\"image\":{\"@id\":\"https:\\\/\\\/tdlainstruments.com\\\/historia\\\/#primaryimage\"},\"thumbnailUrl\":\"https:\\\/\\\/tdlainstruments.com\\\/wp-content\\\/uploads\\\/2024\\\/03\\\/Eric-Salgado.png\",\"datePublished\":\"2024-03-26T22:20:20+00:00\",\"dateModified\":\"2024-05-03T18:41:19+00:00\",\"description\":\"M\u00fasico y Empresario. TubaTelas. Musicara Productora y Marketing. Venta de instrumentos musicales y accesorios. Asesor\u00eda.\",\"breadcrumb\":{\"@id\":\"https:\\\/\\\/tdlainstruments.com\\\/historia\\\/#breadcrumb\"},\"inLanguage\":\"es\",\"potentialAction\":[{\"@type\":\"ReadAction\",\"target\":[\"https:\\\/\\\/tdlainstruments.com\\\/historia\\\/\"]}]},{\"@type\":\"ImageObject\",\"inLanguage\":\"es\",\"@id\":\"https:\\\/\\\/tdlainstruments.com\\\/historia\\\/#primaryimage\",\"url\":\"https:\\\/\\\/tdlainstruments.com\\\/wp-content\\\/uploads\\\/2024\\\/03\\\/Eric-Salgado.png\",\"contentUrl\":\"https:\\\/\\\/tdlainstruments.com\\\/wp-content\\\/uploads\\\/2024\\\/03\\\/Eric-Salgado.png\"},{\"@type\":\"BreadcrumbList\",\"@id\":\"https:\\\/\\\/tdlainstruments.com\\\/historia\\\/#breadcrumb\",\"itemListElement\":[{\"@type\":\"ListItem\",\"position\":1,\"name\":\"Home\",\"item\":\"https:\\\/\\\/tdlainstruments.com\\\/\"},{\"@type\":\"ListItem\",\"position\":2,\"name\":\"Historia &#8211; El Tubero de los Artistas\"}]},{\"@type\":\"WebSite\",\"@id\":\"https:\\\/\\\/tdlainstruments.com\\\/#website\",\"url\":\"https:\\\/\\\/tdlainstruments.com\\\/\",\"name\":\"Tubero de los Artistas\",\"description\":\"El tubero de los Artistas\",\"publisher\":{\"@id\":\"https:\\\/\\\/tdlainstruments.com\\\/#organization\"},\"potentialAction\":[{\"@type\":\"SearchAction\",\"target\":{\"@type\":\"EntryPoint\",\"urlTemplate\":\"https:\\\/\\\/tdlainstruments.com\\\/?s={search_term_string}\"},\"query-input\":{\"@type\":\"PropertyValueSpecification\",\"valueRequired\":true,\"valueName\":\"search_term_string\"}}],\"inLanguage\":\"es\"},{\"@type\":\"Organization\",\"@id\":\"https:\\\/\\\/tdlainstruments.com\\\/#organization\",\"name\":\"TDLA Instruments\",\"url\":\"https:\\\/\\\/tdlainstruments.com\\\/\",\"logo\":{\"@type\":\"ImageObject\",\"inLanguage\":\"es\",\"@id\":\"https:\\\/\\\/tdlainstruments.com\\\/#\\\/schema\\\/logo\\\/image\\\/\",\"url\":\"https:\\\/\\\/tdlainstruments.com\\\/wp-content\\\/uploads\\\/2024\\\/03\\\/TDLA-Instruments-logo.png\",\"contentUrl\":\"https:\\\/\\\/tdlainstruments.com\\\/wp-content\\\/uploads\\\/2024\\\/03\\\/TDLA-Instruments-logo.png\",\"width\":500,\"height\":227,\"caption\":\"TDLA Instruments\"},\"image\":{\"@id\":\"https:\\\/\\\/tdlainstruments.com\\\/#\\\/schema\\\/logo\\\/image\\\/\"},\"sameAs\":[\"https:\\\/\\\/www.facebook.com\\\/TuberoDeLosArtistas\",\"https:\\\/\\\/www.instagram.com\\\/eltuberodelosartistas\\\/\"]}]}<\/script>\n<!-- \/ Yoast SEO plugin. -->","yoast_head_json":{"title":"El Tubero de los Artistas - Eric Salgado","description":"M\u00fasico y Empresario. TubaTelas. Musicara Productora y Marketing. Venta de instrumentos musicales y accesorios. Asesor\u00eda.","robots":{"index":"index","follow":"follow","max-snippet":"max-snippet:-1","max-image-preview":"max-image-preview:large","max-video-preview":"max-video-preview:-1"},"canonical":"https:\/\/tdlainstruments.com\/es\/historia\/","og_locale":"es_MX","og_type":"article","og_title":"El Tubero de los Artistas - Eric Salgado","og_description":"M\u00fasico y Empresario. TubaTelas. Musicara Productora y Marketing. Venta de instrumentos musicales y accesorios. Asesor\u00eda.","og_url":"https:\/\/tdlainstruments.com\/es\/historia\/","article_publisher":"https:\/\/www.facebook.com\/TuberoDeLosArtistas","article_modified_time":"2024-05-03T18:41:19+00:00","og_image":[{"url":"https:\/\/tdlainstruments.com\/wp-content\/uploads\/2024\/03\/Eric-Salgado.png","type":"","width":"","height":""}],"twitter_card":"summary_large_image","twitter_misc":{"Tiempo de lectura":"3 minutos"},"schema":{"@context":"https:\/\/schema.org","@graph":[{"@type":"WebPage","@id":"https:\/\/tdlainstruments.com\/historia\/","url":"https:\/\/tdlainstruments.com\/historia\/","name":"El Tubero de los Artistas - Eric Salgado","isPartOf":{"@id":"https:\/\/tdlainstruments.com\/#website"},"primaryImageOfPage":{"@id":"https:\/\/tdlainstruments.com\/historia\/#primaryimage"},"image":{"@id":"https:\/\/tdlainstruments.com\/historia\/#primaryimage"},"thumbnailUrl":"https:\/\/tdlainstruments.com\/wp-content\/uploads\/2024\/03\/Eric-Salgado.png","datePublished":"2024-03-26T22:20:20+00:00","dateModified":"2024-05-03T18:41:19+00:00","description":"M\u00fasico y Empresario. TubaTelas. Musicara Productora y Marketing. Venta de instrumentos musicales y accesorios. Asesor\u00eda.","breadcrumb":{"@id":"https:\/\/tdlainstruments.com\/historia\/#breadcrumb"},"inLanguage":"es","potentialAction":[{"@type":"ReadAction","target":["https:\/\/tdlainstruments.com\/historia\/"]}]},{"@type":"ImageObject","inLanguage":"es","@id":"https:\/\/tdlainstruments.com\/historia\/#primaryimage","url":"https:\/\/tdlainstruments.com\/wp-content\/uploads\/2024\/03\/Eric-Salgado.png","contentUrl":"https:\/\/tdlainstruments.com\/wp-content\/uploads\/2024\/03\/Eric-Salgado.png"},{"@type":"BreadcrumbList","@id":"https:\/\/tdlainstruments.com\/historia\/#breadcrumb","itemListElement":[{"@type":"ListItem","position":1,"name":"Home","item":"https:\/\/tdlainstruments.com\/"},{"@type":"ListItem","position":2,"name":"Historia &#8211; El Tubero de los Artistas"}]},{"@type":"WebSite","@id":"https:\/\/tdlainstruments.com\/#website","url":"https:\/\/tdlainstruments.com\/","name":"Tubero de los Artistas","description":"El tubero de los Artistas","publisher":{"@id":"https:\/\/tdlainstruments.com\/#organization"},"potentialAction":[{"@type":"SearchAction","target":{"@type":"EntryPoint","urlTemplate":"https:\/\/tdlainstruments.com\/?s={search_term_string}"},"query-input":{"@type":"PropertyValueSpecification","valueRequired":true,"valueName":"search_term_string"}}],"inLanguage":"es"},{"@type":"Organization","@id":"https:\/\/tdlainstruments.com\/#organization","name":"TDLA Instruments","url":"https:\/\/tdlainstruments.com\/","logo":{"@type":"ImageObject","inLanguage":"es","@id":"https:\/\/tdlainstruments.com\/#\/schema\/logo\/image\/","url":"https:\/\/tdlainstruments.com\/wp-content\/uploads\/2024\/03\/TDLA-Instruments-logo.png","contentUrl":"https:\/\/tdlainstruments.com\/wp-content\/uploads\/2024\/03\/TDLA-Instruments-logo.png","width":500,"height":227,"caption":"TDLA Instruments"},"image":{"@id":"https:\/\/tdlainstruments.com\/#\/schema\/logo\/image\/"},"sameAs":["https:\/\/www.facebook.com\/TuberoDeLosArtistas","https:\/\/www.instagram.com\/eltuberodelosartistas\/"]}]}},"_links":{"self":[{"href":"https:\/\/tdlainstruments.com\/es\/wp-json\/wp\/v2\/pages\/186","targetHints":{"allow":["GET"]}}],"collection":[{"href":"https:\/\/tdlainstruments.com\/es\/wp-json\/wp\/v2\/pages"}],"about":[{"href":"https:\/\/tdlainstruments.com\/es\/wp-json\/wp\/v2\/types\/page"}],"author":[{"embeddable":true,"href":"https:\/\/tdlainstruments.com\/es\/wp-json\/wp\/v2\/users\/1"}],"replies":[{"embeddable":true,"href":"https:\/\/tdlainstruments.com\/es\/wp-json\/wp\/v2\/comments?post=186"}],"version-history":[{"count":48,"href":"https:\/\/tdlainstruments.com\/es\/wp-json\/wp\/v2\/pages\/186\/revisions"}],"predecessor-version":[{"id":836,"href":"https:\/\/tdlainstruments.com\/es\/wp-json\/wp\/v2\/pages\/186\/revisions\/836"}],"wp:attachment":[{"href":"https:\/\/tdlainstruments.com\/es\/wp-json\/wp\/v2\/media?parent=186"}],"curies":[{"name":"wp","href":"https:\/\/api.w.org\/{rel}","templated":true}]}}