{"id":3,"date":"2024-03-06T18:44:27","date_gmt":"2024-03-06T18:44:27","guid":{"rendered":"https:\/\/tdlainstruments.com\/?page_id=3"},"modified":"2024-05-03T17:57:20","modified_gmt":"2024-05-03T17:57:20","slug":"aviso-de-privacidad","status":"publish","type":"page","link":"https:\/\/tdlainstruments.com\/es\/aviso-de-privacidad\/","title":{"rendered":"Aviso de privacidad"},"content":{"rendered":"<div data-elementor-type=\"wp-page\" data-elementor-id=\"3\" class=\"elementor elementor-3\" data-elementor-post-type=\"page\">\n\t\t\t\t<div data-particle_enable=\"false\" data-particle-mobile-disabled=\"false\" class=\"elementor-element elementor-element-38aa2955 e-flex e-con-boxed e-con e-parent\" data-id=\"38aa2955\" data-element_type=\"container\" data-e-type=\"container\">\n\t\t\t\t\t<div class=\"e-con-inner\">\n\t\t\t\t<div class=\"elementor-element elementor-element-5fceffa2 elementor-widget elementor-widget-text-editor\" data-id=\"5fceffa2\" data-element_type=\"widget\" data-e-type=\"widget\" data-widget_type=\"text-editor.default\">\n\t\t\t\t<div class=\"elementor-widget-container\">\n\t\t\t\t\t\t\t\t\t\n<p><strong>El responsable de la protecci\u00f3n de sus datos personales:<\/strong><\/p>\n\n<p>El responsable de la protecci\u00f3n de sus datos personales en el sitio web <strong>https:\/\/tdlainstruments.com<\/strong> es <strong>Muzicara LLC<\/strong>\u00a0 con domicilio en <strong>374 E H St., STE. A #639, Chula Vista, CA 91910<\/strong> y horario de servicio de Lunes a Viernes.\u00a0 \u00a0 \u00a0 \u00a0 \u00a0 \u00a0 \u00a0 \u00a0 \u00a0 \u00a0 \u00a0 \u00a0 \u00a0 \u00a0 \u00a0 \u00a0 \u00a0 \u00a0 \u00a0 \u00a0 \u00a0 \u00a0 \u00a0 \u00a0 \u00a0 \u00a0 \u00a0 \u00a0 \u00a0 \u00a0 \u00a0 \u00a0 \u00a0 \u00a0 \u00a0 \u00a0 \u00a0 \u00a0 \u00a0 \u00a0 \u00a0 \u00a0 \u00a0 \u00a0 \u00a0\u00a0<\/p>\n\n<p>Puede contactarnos v\u00eda telef\u00f3nica, por correo electr\u00f3nico, o personalmente. Nuestra oficina de privacidad lo puede atender en d\u00edas y horas h\u00e1biles en el domicilio arriba especificado, al correo electr\u00f3nico<strong> Info@TuberoDeLosArtistas.com<\/strong><\/p>\n\n<p><strong>\u00bfPara qu\u00e9 fines recabamos y utilizamos sus datos personales?<\/strong><\/p>\n\n<p>Sus datos personales ser\u00e1n utilizados para las siguientes finalidades:<\/p>\n\n<ul class=\"wp-block-list\">\n<li>Prospecci\u00f3n<\/li>\n\n<li>Mercadotecnia o publicitaria<\/li>\n\n<li>Prospecci\u00f3n comercial<\/li>\n\n<li>Ofrecer servicios<\/li>\n\n<li>Informar<\/li>\n<\/ul>\n\n<p><strong>\u00bfQu\u00e9 datos personales obtenemos y de d\u00f3nde?<\/strong><\/p>\n\n<p>Para las finalidades se\u00f1aladas en el presente aviso de privacidad, podemos recabar sus datos personales cuando usted nos los proporciona directamente, cuando visita nuestro sitio de Internet o utiliza nuestros servicios en l\u00ednea.<\/p>\n\n<p><strong>Datos personales que recabamos de forma directa:<\/strong><\/p>\n\n<p>Recabamos sus datos personales de forma directa cuando usted mismo nos los proporciona por diversos medios, como cuando se registra en nuestra forma de contactos o nos da informaci\u00f3n con objeto de que le prestemos un servicio. Los datos que obtenemos por este medio pueden ser, entre otros:<\/p>\n\n<ul class=\"wp-block-list\">\n<li>Su nombre, sexo, y fecha de nacimiento<\/li>\n\n<li>Su direcci\u00f3n de correo electr\u00f3nico<\/li>\n\n<li>Su tel\u00e9fono<\/li>\n<\/ul>\n\n<p>Datos personales que recabamos cuando visita nuestro sitio de Internet o utiliza nuestros servicios en l\u00ednea:<\/p>\n\n<ul class=\"wp-block-list\">\n<li>Su nombre<\/li>\n\n<li>Su direcci\u00f3n de correo electr\u00f3nico<\/li>\n\n<li>Su ubicaci\u00f3n<\/li>\n<\/ul>\n\n<p><strong>Datos personales sensibles:<\/strong><\/p>\n\n<p>En la informaci\u00f3n que obtenemos no figuran sus datos personales sensibles.<\/p>\n\n<p><strong>\u00bfC\u00f3mo puede limitar el uso o divulgaci\u00f3n de sus datos personales?<\/strong><\/p>\n\n<p>Si usted es cliente de nuestro sitio web puede dejar de recibir mensajes promocionales, puede solicitar su baja al correo: <strong>Info@TuberoDeLosArtistas.com\u00a0\u00a0<\/strong><\/p>\n\n<p><strong>\u00bfC\u00f3mo acceder o rectificar sus datos personales o cancelar u oponerse a su uso?<\/strong><\/p>\n\n<p>Usted tiene derecho de acceder a sus datos personales que poseemos y a los detalles del tratamiento de los mismos, as\u00ed como a rectificarlos en caso de ser inexactos o incompletos; cancelarlos cuando considere que no se requieren para alguna de las finalidades se\u00f1alados en el presente aviso de privacidad, est\u00e9n siendo utilizados para finalidades no consentidas o haya finalizado la relaci\u00f3n contractual o de servicio, o bien, oponerse al tratamiento de los mismos para fines espec\u00edficos.<\/p>\n\n<p>El mecanismo que se ha implementado para el ejercicio de dichos derechos son a trav\u00e9s del env\u00edo de la solicitud respectiva al correo electr\u00f3nico siguiente: <strong>Info@TuberoDeLosArtistas.com\u00a0\u00a0<\/strong> <strong>\u00a0<\/strong><strong>\u00a0\u00a0\u00a0\u00a0\u00a0\u00a0\u00a0\u00a0\u00a0\u00a0\u00a0\u00a0\u00a0\u00a0\u00a0\u00a0\u00a0\u00a0\u00a0\u00a0\u00a0\u00a0\u00a0\u00a0\u00a0\u00a0\u00a0\u00a0\u00a0\u00a0\u00a0\u00a0\u00a0\u00a0\u00a0\u00a0\u00a0\u00a0\u00a0\u00a0\u00a0<\/strong><\/p>\n\n<p>Su solicitud deber\u00e1 contener la siguiente informaci\u00f3n:<\/p>\n\n<ul class=\"wp-block-list\">\n<li>El nombre del titular, domicilio y correo electr\u00f3nico para comunicarle la respuesta de su solicitud<\/li>\n\n<li>Los documentos que acrediten su identidad o, en su caso, la representaci\u00f3n legal del titular<\/li>\n\n<li>La descripci\u00f3n clara y precisa de los datos personales respecto de los que se busca ejercer alguno de los derechos antes mencionados<\/li>\n\n<li>Cualquier otro elemento o documento que facilite la localizaci\u00f3n de los datos personales<\/li>\n<\/ul>\n\n<p>Los plazos para atender su solicitud son los siguientes:<\/p>\n\n<ul class=\"wp-block-list\">\n<li>20 d\u00edas a partir de la recepci\u00f3n de su solicitud<\/li>\n<\/ul>\n\n<p>Para mayor informaci\u00f3n, favor de comunicarse al departamento de privacidad a trav\u00e9s del correo electr\u00f3nico: <strong>Info@TuberoDeLosArtistas.com\u00a0\u00a0<\/strong><\/p>\n\n<p>\u00bfC\u00f3mo puede revocar su consentimiento para el tratamiento de sus datos?<\/p>\n\n<p>En todo momento, usted podr\u00e1 revocar el consentimiento que nos ha otorgado para el tratamiento de sus datos personales, a fin de que dejemos de hacer uso de los mismos. Para ello, es necesario que env\u00ede su petici\u00f3n al correo: <strong>Info@TuberoDeLosArtistas.com\u00a0\u00a0<\/strong>\u00a0 \u00a0 \u00a0 \u00a0 \u00a0 \u00a0 \u00a0 \u00a0 \u00a0 \u00a0 \u00a0 \u00a0 \u00a0 \u00a0 \u00a0 \u00a0 \u00a0 \u00a0 \u00a0 \u00a0 \u00a0 \u00a0 \u00a0 \u00a0 \u00a0 \u00a0 \u00a0<\/p>\n\n<p>Su solicitud deber\u00e1 contener la siguiente informaci\u00f3n:<\/p>\n\n<ul class=\"wp-block-list\">\n<li>El nombre del titular, domicilio y correo electr\u00f3nico para comunicarle la respuesta de su solicitud<\/li>\n\n<li>Los documentos que acrediten su identidad o, en su caso, la representaci\u00f3n legal del titular<\/li>\n\n<li>Manifestar de forma clara y precisa la revocaci\u00f3n del consentimiento otorgado para el tratamiento de sus datos personales<\/li>\n<\/ul>\n\n<p>En un plazo m\u00e1ximo de 20 d\u00edas atenderemos su petici\u00f3n y le informaremos sobre la procedencia de la misma a trav\u00e9s del correo electr\u00f3nico que nos proporcione para tal efecto.<\/p>\n\n<p><strong>Sus datos pueden viajar a otro pa\u00eds o ser compartidos con otros.<\/strong><\/p>\n\n<p>Nos comprometemos a no transferir su informaci\u00f3n personal a terceros sin su consentimiento, salvo las excepciones previstas en el art\u00edculo 37 de la Ley Federal de Protecci\u00f3n de Datos Personales en Posesi\u00f3n de los Particulares, as\u00ed como a realizar esta transferencia en los t\u00e9rminos que fija esa ley.<\/p>\n\n<p>Si usted no manifiesta su oposici\u00f3n para que sus datos personales sean transferidos, se entender\u00e1 que ha otorgado su consentimiento para ello.<\/p>\n\n<p><strong>Modificaciones al aviso de privacidad:<\/strong><\/p>\n\n<p>Nos reservamos el derecho de efectuar en cualquier momento modificaciones o actualizaciones al presente aviso de privacidad, para la atenci\u00f3n de novedades legislativas, pol\u00edticas internas o nuevos requerimientos para la prestaci\u00f3n u ofrecimiento de nuestros servicios o productos.<\/p>\n\n<p>Estas modificaciones estar\u00e1n disponibles en nuestro sitio web en esta misma p\u00e1gina.<\/p>\n\n<p><strong>Uso de cookies, web beacons y bit\u00e1coras:<\/strong><\/p>\n\n<p>Las cookies son archivos de texto que son descargados autom\u00e1ticamente y almacenados en el disco duro del equipo de c\u00f3mputo del usuario al navegar en una p\u00e1gina de Internet espec\u00edfica, que permiten recordar al servidor de Internet algunos datos sobre este usuario, entre ellos, sus preferencias para la visualizaci\u00f3n de las p\u00e1ginas en ese servidor, nombre y contrase\u00f1a.<\/p>\n\n<p>Las web beacons son im\u00e1genes insertadas en una p\u00e1gina de Internet o correo electr\u00f3nico, que puede ser utilizado para monitorear el comportamiento de un visitante, como almacenar informaci\u00f3n sobre la direcci\u00f3n IP del usuario, duraci\u00f3n del tiempo de interacci\u00f3n en dicha p\u00e1gina y el tipo de navegador utilizado, entre otros.<\/p>\n\n<p>Por otra parte, cuando usted visita un sitio web, su navegador env\u00eda al servidor de dicho sitio informaci\u00f3n que puede ser almacenada con fines principalmente estad\u00edsticos.<\/p>\n\n<p>Le informamos que utilizamos cookies y que almacenamos autom\u00e1ticamente en las bit\u00e1coras de nuestro servidor informaci\u00f3n personal de usted, como la siguiente:<\/p>\n\n<ul class=\"wp-block-list\">\n<li>Su tipo de navegador y sistema operativo<\/li>\n\n<li>Si cuenta o no con software como javascript o flash<\/li>\n\n<li>El sitio que visit\u00f3 antes de entrar al nuestro<\/li>\n\n<li>Los v\u00ednculos que siguen<\/li>\n\n<li>La direcci\u00f3n IP<\/li>\n\n<li>Sus preferencias de lectura de nuestro sitio, como el tama\u00f1o de la letra o el n\u00famero de columnas<\/li>\n<\/ul>\n\n<p>Nuestro sitio web contiene anuncios publicitarios que pueden enviar cookies de nuestros clientes. Algunos servicios que ofrecemos o las interfaces con Instagram y Facebook, env\u00edan sus propias cookies. Usamos como herramienta estad\u00edstica Google Analytics, que guarda cookies que le permiten elaborar un an\u00e1lisis del uso que haga usted de nuestro sitio web, y cuya informaci\u00f3n es enviada a Google.<br \/><br \/>Estas cookies y otras tecnolog\u00edas pueden ser deshabilitadas. Para conocer c\u00f3mo hacerlo, consulte la informaci\u00f3n que le proporciona el desarrollador de su explorador preferido (Chrome, Edge, Firefox, Opera, etc).<\/p>\n\n<p><strong>\u00bfAnte qui\u00e9n puede presentar sus quejas y denuncias por el tratamiento indebido de sus datos personales?<\/strong><\/p>\n\n<p>Si usted considera que su derecho de protecci\u00f3n de datos personales ha sido lesionado por alguna conducta de nuestros empleados o de nuestras actuaciones o respuestas, presume que en el tratamiento de sus datos personales existe alguna violaci\u00f3n a las disposiciones previstas en la Ley Federal de Protecci\u00f3n de Datos Personales en Posesi\u00f3n de los Particulares, podr\u00e1 interponer la queja o denuncia correspondiente ante el IFAI, para mayor informaci\u00f3n visite<a href=\"http:\/\/www.ifai.org.mx\/\"> www.ifai.org.mx<\/a><\/p>\n\n<p><strong>Fecha de actualizaci\u00f3n:<\/strong> 02 de Mayo, 2024<\/p>\n\t\t\t\t\t\t\t\t<\/div>\n\t\t\t\t<\/div>\n\t\t\t\t\t<\/div>\n\t\t\t\t<\/div>\n\t\t\t\t<\/div>","protected":false},"excerpt":{"rendered":"<p>El responsable de la protecci\u00f3n de sus datos personales: El responsable de la protecci\u00f3n de sus datos personales en el [&hellip;]<\/p>\n","protected":false},"author":1,"featured_media":0,"parent":0,"menu_order":0,"comment_status":"closed","ping_status":"closed","template":"","meta":{"site-sidebar-layout":"default","site-content-layout":"","ast-site-content-layout":"default","site-content-style":"default","site-sidebar-style":"default","ast-global-header-display":"","ast-banner-title-visibility":"","ast-main-header-display":"","ast-hfb-above-header-display":"","ast-hfb-below-header-display":"","ast-hfb-mobile-header-display":"","site-post-title":"","ast-breadcrumbs-content":"","ast-featured-img":"","footer-sml-layout":"","ast-disable-related-posts":"","theme-transparent-header-meta":"","adv-header-id-meta":"","stick-header-meta":"","header-above-stick-meta":"","header-main-stick-meta":"","header-below-stick-meta":"","astra-migrate-meta-layouts":"default","ast-page-background-enabled":"default","ast-page-background-meta":{"desktop":{"background-color":"var(--ast-global-color-4)","background-image":"","background-repeat":"repeat","background-position":"center center","background-size":"auto","background-attachment":"scroll","background-type":"","background-media":"","overlay-type":"","overlay-color":"","overlay-opacity":"","overlay-gradient":""},"tablet":{"background-color":"","background-image":"","background-repeat":"repeat","background-position":"center center","background-size":"auto","background-attachment":"scroll","background-type":"","background-media":"","overlay-type":"","overlay-color":"","overlay-opacity":"","overlay-gradient":""},"mobile":{"background-color":"","background-image":"","background-repeat":"repeat","background-position":"center center","background-size":"auto","background-attachment":"scroll","background-type":"","background-media":"","overlay-type":"","overlay-color":"","overlay-opacity":"","overlay-gradient":""}},"ast-content-background-meta":{"desktop":{"background-color":"var(--ast-global-color-5)","background-image":"","background-repeat":"repeat","background-position":"center center","background-size":"auto","background-attachment":"scroll","background-type":"","background-media":"","overlay-type":"","overlay-color":"","overlay-opacity":"","overlay-gradient":""},"tablet":{"background-color":"var(--ast-global-color-5)","background-image":"","background-repeat":"repeat","background-position":"center center","background-size":"auto","background-attachment":"scroll","background-type":"","background-media":"","overlay-type":"","overlay-color":"","overlay-opacity":"","overlay-gradient":""},"mobile":{"background-color":"var(--ast-global-color-5)","background-image":"","background-repeat":"repeat","background-position":"center center","background-size":"auto","background-attachment":"scroll","background-type":"","background-media":"","overlay-type":"","overlay-color":"","overlay-opacity":"","overlay-gradient":""}},"footnotes":""},"class_list":["post-3","page","type-page","status-publish","hentry"],"yoast_head":"<!-- This site is optimized with the Yoast SEO plugin v27.3 - https:\/\/yoast.com\/product\/yoast-seo-wordpress\/ -->\n<title>Aviso de privacidad -<\/title>\n<meta name=\"robots\" content=\"index, follow, max-snippet:-1, max-image-preview:large, max-video-preview:-1\" \/>\n<link rel=\"canonical\" href=\"https:\/\/tdlainstruments.com\/es\/aviso-de-privacidad\/\" \/>\n<meta property=\"og:locale\" content=\"es_MX\" \/>\n<meta property=\"og:type\" content=\"article\" \/>\n<meta property=\"og:title\" content=\"Aviso de privacidad -\" \/>\n<meta property=\"og:description\" content=\"El responsable de la protecci\u00f3n de sus datos personales: El responsable de la protecci\u00f3n de sus datos personales en el [&hellip;]\" \/>\n<meta property=\"og:url\" content=\"https:\/\/tdlainstruments.com\/es\/aviso-de-privacidad\/\" \/>\n<meta property=\"article:publisher\" content=\"https:\/\/www.facebook.com\/TuberoDeLosArtistas\" \/>\n<meta property=\"article:modified_time\" content=\"2024-05-03T17:57:20+00:00\" \/>\n<meta name=\"twitter:card\" content=\"summary_large_image\" \/>\n<meta name=\"twitter:label1\" content=\"Tiempo de lectura\" \/>\n\t<meta name=\"twitter:data1\" content=\"6 minutos\" \/>\n<script type=\"application\/ld+json\" class=\"yoast-schema-graph\">{\"@context\":\"https:\\\/\\\/schema.org\",\"@graph\":[{\"@type\":\"WebPage\",\"@id\":\"https:\\\/\\\/tdlainstruments.com\\\/aviso-de-privacidad\\\/\",\"url\":\"https:\\\/\\\/tdlainstruments.com\\\/aviso-de-privacidad\\\/\",\"name\":\"Aviso de privacidad -\",\"isPartOf\":{\"@id\":\"https:\\\/\\\/tdlainstruments.com\\\/#website\"},\"datePublished\":\"2024-03-06T18:44:27+00:00\",\"dateModified\":\"2024-05-03T17:57:20+00:00\",\"breadcrumb\":{\"@id\":\"https:\\\/\\\/tdlainstruments.com\\\/aviso-de-privacidad\\\/#breadcrumb\"},\"inLanguage\":\"es\",\"potentialAction\":[{\"@type\":\"ReadAction\",\"target\":[\"https:\\\/\\\/tdlainstruments.com\\\/aviso-de-privacidad\\\/\"]}]},{\"@type\":\"BreadcrumbList\",\"@id\":\"https:\\\/\\\/tdlainstruments.com\\\/aviso-de-privacidad\\\/#breadcrumb\",\"itemListElement\":[{\"@type\":\"ListItem\",\"position\":1,\"name\":\"Home\",\"item\":\"https:\\\/\\\/tdlainstruments.com\\\/\"},{\"@type\":\"ListItem\",\"position\":2,\"name\":\"Aviso de privacidad\"}]},{\"@type\":\"WebSite\",\"@id\":\"https:\\\/\\\/tdlainstruments.com\\\/#website\",\"url\":\"https:\\\/\\\/tdlainstruments.com\\\/\",\"name\":\"Tubero de los Artistas\",\"description\":\"El tubero de los Artistas\",\"publisher\":{\"@id\":\"https:\\\/\\\/tdlainstruments.com\\\/#organization\"},\"potentialAction\":[{\"@type\":\"SearchAction\",\"target\":{\"@type\":\"EntryPoint\",\"urlTemplate\":\"https:\\\/\\\/tdlainstruments.com\\\/?s={search_term_string}\"},\"query-input\":{\"@type\":\"PropertyValueSpecification\",\"valueRequired\":true,\"valueName\":\"search_term_string\"}}],\"inLanguage\":\"es\"},{\"@type\":\"Organization\",\"@id\":\"https:\\\/\\\/tdlainstruments.com\\\/#organization\",\"name\":\"TDLA Instruments\",\"url\":\"https:\\\/\\\/tdlainstruments.com\\\/\",\"logo\":{\"@type\":\"ImageObject\",\"inLanguage\":\"es\",\"@id\":\"https:\\\/\\\/tdlainstruments.com\\\/#\\\/schema\\\/logo\\\/image\\\/\",\"url\":\"https:\\\/\\\/tdlainstruments.com\\\/wp-content\\\/uploads\\\/2024\\\/03\\\/TDLA-Instruments-logo.png\",\"contentUrl\":\"https:\\\/\\\/tdlainstruments.com\\\/wp-content\\\/uploads\\\/2024\\\/03\\\/TDLA-Instruments-logo.png\",\"width\":500,\"height\":227,\"caption\":\"TDLA Instruments\"},\"image\":{\"@id\":\"https:\\\/\\\/tdlainstruments.com\\\/#\\\/schema\\\/logo\\\/image\\\/\"},\"sameAs\":[\"https:\\\/\\\/www.facebook.com\\\/TuberoDeLosArtistas\",\"https:\\\/\\\/www.instagram.com\\\/eltuberodelosartistas\\\/\"]}]}<\/script>\n<!-- \/ Yoast SEO plugin. -->","yoast_head_json":{"title":"Aviso de privacidad -","robots":{"index":"index","follow":"follow","max-snippet":"max-snippet:-1","max-image-preview":"max-image-preview:large","max-video-preview":"max-video-preview:-1"},"canonical":"https:\/\/tdlainstruments.com\/es\/aviso-de-privacidad\/","og_locale":"es_MX","og_type":"article","og_title":"Aviso de privacidad -","og_description":"El responsable de la protecci\u00f3n de sus datos personales: El responsable de la protecci\u00f3n de sus datos personales en el [&hellip;]","og_url":"https:\/\/tdlainstruments.com\/es\/aviso-de-privacidad\/","article_publisher":"https:\/\/www.facebook.com\/TuberoDeLosArtistas","article_modified_time":"2024-05-03T17:57:20+00:00","twitter_card":"summary_large_image","twitter_misc":{"Tiempo de lectura":"6 minutos"},"schema":{"@context":"https:\/\/schema.org","@graph":[{"@type":"WebPage","@id":"https:\/\/tdlainstruments.com\/aviso-de-privacidad\/","url":"https:\/\/tdlainstruments.com\/aviso-de-privacidad\/","name":"Aviso de privacidad -","isPartOf":{"@id":"https:\/\/tdlainstruments.com\/#website"},"datePublished":"2024-03-06T18:44:27+00:00","dateModified":"2024-05-03T17:57:20+00:00","breadcrumb":{"@id":"https:\/\/tdlainstruments.com\/aviso-de-privacidad\/#breadcrumb"},"inLanguage":"es","potentialAction":[{"@type":"ReadAction","target":["https:\/\/tdlainstruments.com\/aviso-de-privacidad\/"]}]},{"@type":"BreadcrumbList","@id":"https:\/\/tdlainstruments.com\/aviso-de-privacidad\/#breadcrumb","itemListElement":[{"@type":"ListItem","position":1,"name":"Home","item":"https:\/\/tdlainstruments.com\/"},{"@type":"ListItem","position":2,"name":"Aviso de privacidad"}]},{"@type":"WebSite","@id":"https:\/\/tdlainstruments.com\/#website","url":"https:\/\/tdlainstruments.com\/","name":"Tubero de los Artistas","description":"El tubero de los Artistas","publisher":{"@id":"https:\/\/tdlainstruments.com\/#organization"},"potentialAction":[{"@type":"SearchAction","target":{"@type":"EntryPoint","urlTemplate":"https:\/\/tdlainstruments.com\/?s={search_term_string}"},"query-input":{"@type":"PropertyValueSpecification","valueRequired":true,"valueName":"search_term_string"}}],"inLanguage":"es"},{"@type":"Organization","@id":"https:\/\/tdlainstruments.com\/#organization","name":"TDLA Instruments","url":"https:\/\/tdlainstruments.com\/","logo":{"@type":"ImageObject","inLanguage":"es","@id":"https:\/\/tdlainstruments.com\/#\/schema\/logo\/image\/","url":"https:\/\/tdlainstruments.com\/wp-content\/uploads\/2024\/03\/TDLA-Instruments-logo.png","contentUrl":"https:\/\/tdlainstruments.com\/wp-content\/uploads\/2024\/03\/TDLA-Instruments-logo.png","width":500,"height":227,"caption":"TDLA Instruments"},"image":{"@id":"https:\/\/tdlainstruments.com\/#\/schema\/logo\/image\/"},"sameAs":["https:\/\/www.facebook.com\/TuberoDeLosArtistas","https:\/\/www.instagram.com\/eltuberodelosartistas\/"]}]}},"_links":{"self":[{"href":"https:\/\/tdlainstruments.com\/es\/wp-json\/wp\/v2\/pages\/3","targetHints":{"allow":["GET"]}}],"collection":[{"href":"https:\/\/tdlainstruments.com\/es\/wp-json\/wp\/v2\/pages"}],"about":[{"href":"https:\/\/tdlainstruments.com\/es\/wp-json\/wp\/v2\/types\/page"}],"author":[{"embeddable":true,"href":"https:\/\/tdlainstruments.com\/es\/wp-json\/wp\/v2\/users\/1"}],"replies":[{"embeddable":true,"href":"https:\/\/tdlainstruments.com\/es\/wp-json\/wp\/v2\/comments?post=3"}],"version-history":[{"count":9,"href":"https:\/\/tdlainstruments.com\/es\/wp-json\/wp\/v2\/pages\/3\/revisions"}],"predecessor-version":[{"id":811,"href":"https:\/\/tdlainstruments.com\/es\/wp-json\/wp\/v2\/pages\/3\/revisions\/811"}],"wp:attachment":[{"href":"https:\/\/tdlainstruments.com\/es\/wp-json\/wp\/v2\/media?parent=3"}],"curies":[{"name":"wp","href":"https:\/\/api.w.org\/{rel}","templated":true}]}}